{"id":129,"date":"2025-10-01T13:53:09","date_gmt":"2025-10-01T16:53:09","guid":{"rendered":"https:\/\/clinicafalar.com.br\/?page_id=129"},"modified":"2025-10-01T16:47:38","modified_gmt":"2025-10-01T19:47:38","slug":"convenios","status":"publish","type":"page","link":"https:\/\/clinicafalar.com.br\/?page_id=129","title":{"rendered":"Conv\u00eanios"},"content":{"rendered":"\n<p class=\"has-text-align-center has-large-font-size\"><strong>Conv\u00eanios aceitos pela cl\u00ednica<\/strong><\/p>\n\n\n\n<p class=\"has-text-align-center has-medium-font-size\">Al\u00e9m dos conv\u00eanios listados abaixo aceitamos PIX, transfer\u00eancias  e dinheiro, <strong>N\u00c3O <\/strong>trabalhamos com cart\u00f5es (Credito \/ Debito)<\/p>\n\n\n\n<figure class=\"wp-block-table is-style-stripes has-medium-font-size\"><table class=\"has-border-color has-base-2-border-color has-fixed-layout\"><tbody><tr><td class=\"has-text-align-center\" data-align=\"center\">AFEB BRASAL<\/td><td class=\"has-text-align-center\" data-align=\"center\">OMINT SA\u00daDE<\/td><\/tr><tr><td class=\"has-text-align-center\" data-align=\"center\">AFFEGO<\/td><td class=\"has-text-align-center\" data-align=\"center\">PLAN ASSISTE (MPU)<\/td><\/tr><tr><td class=\"has-text-align-center\" data-align=\"center\">ANAFE SA\u00daDE<\/td><td class=\"has-text-align-center\" data-align=\"center\">PLAS\/JMU (STM)<\/td><\/tr><tr><td class=\"has-text-align-center\" data-align=\"center\">BACEN<\/td><td class=\"has-text-align-center\" data-align=\"center\">PROASA<\/td><\/tr><tr><td class=\"has-text-align-center\" data-align=\"center\">CAESAN<\/td><td class=\"has-text-align-center\" data-align=\"center\">PR\u00d3-SA\u00daDE (C\u00c2MARA DOS DEPUTADOS)<\/td><\/tr><tr><td class=\"has-text-align-center\" data-align=\"center\">CARE PLUS<\/td><td class=\"has-text-align-center\" data-align=\"center\">PR\u00d3-SA\u00daDE (TJDFT)<\/td><\/tr><tr><td class=\"has-text-align-center\" data-align=\"center\">CASEC (CODEVASF)<\/td><td class=\"has-text-align-center\" data-align=\"center\">PR\u00d3-SOCIAL (TRF)<\/td><\/tr><tr><td class=\"has-text-align-center\" data-align=\"center\">CASEMBRAPA (EMBRAPA)<\/td><td class=\"has-text-align-center\" data-align=\"center\">REAL GRANDEZA (DEMAIS PLANOS)<\/td><\/tr><tr><td class=\"has-text-align-center\" data-align=\"center\">CASSI<\/td><td class=\"has-text-align-center\" data-align=\"center\">REAL GRANDEZA (SALVUS E SALUTEM)<\/td><\/tr><tr><td class=\"has-text-align-center\" data-align=\"center\">CNTI<\/td><td class=\"has-text-align-center\" data-align=\"center\">SA\u00daDE CAIXA<\/td><\/tr><tr><td class=\"has-text-align-center\" data-align=\"center\">CONAB<\/td><td class=\"has-text-align-center\" data-align=\"center\">SERPRO<\/td><\/tr><tr><td class=\"has-text-align-center\" data-align=\"center\">EMBRATEL (TELOS)<\/td><td class=\"has-text-align-center\" data-align=\"center\">SIS SENADO<\/td><\/tr><tr><td class=\"has-text-align-center\" data-align=\"center\">FAPES (BNDES)<\/td><td class=\"has-text-align-center\" data-align=\"center\">STF-MED (STF)<\/td><\/tr><tr><td class=\"has-text-align-center\" data-align=\"center\">FASCAL<\/td><td class=\"has-text-align-center\" data-align=\"center\">TRE SA\u00daDE<\/td><\/tr><tr><td class=\"has-text-align-center\" data-align=\"center\">FUSEX<\/td><td class=\"has-text-align-center\" data-align=\"center\">TRT SA\u00daDE<\/td><\/tr><tr><td class=\"has-text-align-center\" data-align=\"center\">GDF SA\u00daDE<\/td><td class=\"has-text-align-center\" data-align=\"center\">TST SA\u00daDE<\/td><\/tr><tr><td class=\"has-text-align-center\" data-align=\"center\">LUMINAR SA\u00daDE (EVIDA)<\/td><td class=\"has-text-align-center\" data-align=\"center\">UNAFISCO SA\u00daDE (PREMIUM)<\/td><\/tr><\/tbody><\/table><\/figure>\n","protected":false},"excerpt":{"rendered":"<p>Conv\u00eanios aceitos pela cl\u00ednica Al\u00e9m dos conv\u00eanios listados abaixo aceitamos PIX, transfer\u00eancias e dinheiro, N\u00c3O trabalhamos com cart\u00f5es (Credito \/ Debito) AFEB BRASAL OMINT SA\u00daDE AFFEGO PLAN ASSISTE (MPU) ANAFE SA\u00daDE PLAS\/JMU (STM) BACEN PROASA CAESAN PR\u00d3-SA\u00daDE (C\u00c2MARA DOS DEPUTADOS) CARE PLUS PR\u00d3-SA\u00daDE (TJDFT) CASEC (CODEVASF) PR\u00d3-SOCIAL (TRF) CASEMBRAPA (EMBRAPA) REAL GRANDEZA (DEMAIS PLANOS) CASSI [&hellip;]<\/p>\n","protected":false},"author":1,"featured_media":0,"parent":0,"menu_order":0,"comment_status":"closed","ping_status":"closed","template":"","meta":{"footnotes":""},"class_list":["post-129","page","type-page","status-publish","hentry"],"_links":{"self":[{"href":"https:\/\/clinicafalar.com.br\/index.php?rest_route=\/wp\/v2\/pages\/129","targetHints":{"allow":["GET"]}}],"collection":[{"href":"https:\/\/clinicafalar.com.br\/index.php?rest_route=\/wp\/v2\/pages"}],"about":[{"href":"https:\/\/clinicafalar.com.br\/index.php?rest_route=\/wp\/v2\/types\/page"}],"author":[{"embeddable":true,"href":"https:\/\/clinicafalar.com.br\/index.php?rest_route=\/wp\/v2\/users\/1"}],"replies":[{"embeddable":true,"href":"https:\/\/clinicafalar.com.br\/index.php?rest_route=%2Fwp%2Fv2%2Fcomments&post=129"}],"version-history":[{"count":11,"href":"https:\/\/clinicafalar.com.br\/index.php?rest_route=\/wp\/v2\/pages\/129\/revisions"}],"predecessor-version":[{"id":168,"href":"https:\/\/clinicafalar.com.br\/index.php?rest_route=\/wp\/v2\/pages\/129\/revisions\/168"}],"wp:attachment":[{"href":"https:\/\/clinicafalar.com.br\/index.php?rest_route=%2Fwp%2Fv2%2Fmedia&parent=129"}],"curies":[{"name":"wp","href":"https:\/\/api.w.org\/{rel}","templated":true}]}}