{"id":87,"date":"2025-10-01T11:42:46","date_gmt":"2025-10-01T14:42:46","guid":{"rendered":"https:\/\/clinicafalar.com.br\/?page_id=87"},"modified":"2025-10-22T23:18:16","modified_gmt":"2025-10-23T02:18:16","slug":"sobre-a-clinica","status":"publish","type":"page","link":"https:\/\/clinicafalar.com.br\/?page_id=87","title":{"rendered":"Sobre a Clinica"},"content":{"rendered":"\n<div class=\"wp-block-group r-spacing wow animate__animated animate__fadeInUp has-global-padding is-layout-constrained wp-container-core-group-is-layout-9e277222 wp-block-group-is-layout-constrained\" style=\"margin-top:0;margin-bottom:100px;padding-right:20px;padding-left:20px\">\n<div class=\"wp-block-columns are-vertically-aligned-top is-layout-flex wp-container-core-columns-is-layout-3fedb30a wp-block-columns-is-layout-flex\">\n<div class=\"wp-block-column is-vertically-aligned-top is-layout-flow wp-block-column-is-layout-flow\">\n<p class=\"has-text-align-center has-large-font-size\"><strong>Sobre a Cl\u00ednica <\/strong><\/p>\n\n\n\n<p class=\"has-medium-font-size\" style=\"margin-top:0\">Na Cl\u00ednica Falar, acreditamos que a comunica\u00e7\u00e3o \u00e9 a ponte para o bem-estar e a qualidade de vida. Somos uma cl\u00ednica de Fonoaudiologia dedicada a cuidar de voc\u00ea em todas as fases, desde a inf\u00e2ncia at\u00e9 a vida adulta e idosa.<br><br>O que oferecemos:<br>Comunica\u00e7\u00e3o e Linguagem: Tratamento para atrasos na fala, dificuldades de aprendizagem, trocas na escrita, e desenvolvimento da linguagem oral.<\/p>\n\n\n\n<p class=\"has-medium-font-size\" style=\"margin-top:0\"><br>Voz: Cuidados com a voz profissional (professores, cantores, palestrantes), sa\u00fade vocal, rouquid\u00e3o, e reabilita\u00e7\u00e3o vocal.<\/p>\n\n\n\n<p class=\"has-medium-font-size\" style=\"margin-top:0\"><br>Motricidade Orofacial: Terapia para problemas de respira\u00e7\u00e3o, degluti\u00e7\u00e3o (engolir), mastiga\u00e7\u00e3o e suc\u00e7\u00e3o.<\/p>\n\n\n\n<p class=\"has-medium-font-size\" style=\"margin-top:0\"><br>Sa\u00fade do Idoso: Reabilita\u00e7\u00e3o vocal e interven\u00e7\u00e3o em disfagia (dificuldade para engolir).<br>Nosso ambiente foi planejado para ser acolhedor e confort\u00e1vel, um espa\u00e7o onde voc\u00ea se sente seguro para iniciar sua jornada rumo a uma comunica\u00e7\u00e3o mais clara e saud\u00e1vel.<\/p>\n\n\n\n<p class=\"has-medium-font-size\" style=\"margin-top:0\"><br>Venha nos conhecer e descubra como podemos ajudar voc\u00ea ou sua fam\u00edlia a se comunicar melhor e viver com mais qualidade. Agende sua avalia\u00e7\u00e3o!<\/p>\n\n\n\n<p class=\"has-medium-font-size\" style=\"margin-top:0\"><\/p>\n\n\n\n<p style=\"margin-top:0\"><\/p>\n<\/div>\n\n\n\n<div class=\"wp-block-column is-vertically-aligned-top is-layout-flow wp-block-column-is-layout-flow\">\n<div class=\"wp-block-group our-story-right has-global-padding is-layout-constrained wp-block-group-is-layout-constrained\">\n<div class=\"wp-block-cover aligncenter r-cover\" style=\"border-radius:20px;min-height:654px;aspect-ratio:unset;\"><img loading=\"lazy\" decoding=\"async\" width=\"1024\" height=\"585\" class=\"wp-block-cover__image-background wp-image-187 size-full\" alt=\"\" src=\"https:\/\/clinicafalar.com.br\/wp-content\/uploads\/2025\/10\/unnamed-1.jpg\" style=\"object-position:30% 59%\" data-object-fit=\"cover\" data-object-position=\"30% 59%\" srcset=\"https:\/\/clinicafalar.com.br\/wp-content\/uploads\/2025\/10\/unnamed-1.jpg 1024w, https:\/\/clinicafalar.com.br\/wp-content\/uploads\/2025\/10\/unnamed-1-300x171.jpg 300w, https:\/\/clinicafalar.com.br\/wp-content\/uploads\/2025\/10\/unnamed-1-768x439.jpg 768w\" sizes=\"auto, (max-width: 1024px) 100vw, 1024px\" \/><span aria-hidden=\"true\" class=\"wp-block-cover__background has-background-dim-0 has-background-dim\"><\/span><div class=\"wp-block-cover__inner-container has-global-padding is-layout-constrained wp-block-cover-is-layout-constrained\">\n<p class=\"has-text-align-center has-large-font-size\"><\/p>\n<\/div><\/div>\n\n\n\n<div class=\"wp-block-buttons is-layout-flex wp-block-buttons-is-layout-flex\" style=\"margin-top:0\"><\/div>\n<\/div>\n<\/div>\n<\/div>\n<\/div>\n","protected":false},"excerpt":{"rendered":"<p>Sobre a Cl\u00ednica Na Cl\u00ednica Falar, acreditamos que a comunica\u00e7\u00e3o \u00e9 a ponte para o bem-estar e a qualidade de vida. Somos uma cl\u00ednica de Fonoaudiologia dedicada a cuidar de voc\u00ea em todas as fases, desde a inf\u00e2ncia at\u00e9 a vida adulta e idosa. O que oferecemos:Comunica\u00e7\u00e3o e Linguagem: Tratamento para atrasos na fala, dificuldades [&hellip;]<\/p>\n","protected":false},"author":1,"featured_media":0,"parent":0,"menu_order":0,"comment_status":"closed","ping_status":"closed","template":"","meta":{"footnotes":""},"class_list":["post-87","page","type-page","status-publish","hentry"],"_links":{"self":[{"href":"https:\/\/clinicafalar.com.br\/index.php?rest_route=\/wp\/v2\/pages\/87","targetHints":{"allow":["GET"]}}],"collection":[{"href":"https:\/\/clinicafalar.com.br\/index.php?rest_route=\/wp\/v2\/pages"}],"about":[{"href":"https:\/\/clinicafalar.com.br\/index.php?rest_route=\/wp\/v2\/types\/page"}],"author":[{"embeddable":true,"href":"https:\/\/clinicafalar.com.br\/index.php?rest_route=\/wp\/v2\/users\/1"}],"replies":[{"embeddable":true,"href":"https:\/\/clinicafalar.com.br\/index.php?rest_route=%2Fwp%2Fv2%2Fcomments&post=87"}],"version-history":[{"count":14,"href":"https:\/\/clinicafalar.com.br\/index.php?rest_route=\/wp\/v2\/pages\/87\/revisions"}],"predecessor-version":[{"id":194,"href":"https:\/\/clinicafalar.com.br\/index.php?rest_route=\/wp\/v2\/pages\/87\/revisions\/194"}],"wp:attachment":[{"href":"https:\/\/clinicafalar.com.br\/index.php?rest_route=%2Fwp%2Fv2%2Fmedia&parent=87"}],"curies":[{"name":"wp","href":"https:\/\/api.w.org\/{rel}","templated":true}]}}